{"id":63828,"date":"2021-05-28T11:33:48","date_gmt":"2021-05-28T09:33:48","guid":{"rendered":"https:\/\/www.vallemaira.org\/una-vacanza-sostenibile\/"},"modified":"2026-02-24T08:35:13","modified_gmt":"2026-02-24T07:35:13","slug":"des-vacances-durables","status":"publish","type":"page","link":"https:\/\/www.vallemaira.org\/fr\/des-vacances-durables\/","title":{"rendered":"Des vacances durables"},"content":{"rendered":"<p>La Valle Maira a r\u00e9ussi \u00e0 se pr\u00e9server du b\u00e9ton et des pratiques qui nuisent \u00e0 la montagne, comme les remont\u00e9es m\u00e9caniques. Libre, verte et pr\u00e9serv\u00e9e, elle attire un tourisme slow, \u00e0 un rythme lent, et les amoureux du plein air qui souhaitent d\u00e9couvrir des paradis cach\u00e9s. <\/p>\n<p>La plupart des structures d\u2019h\u00e9bergement sont d\u2019anciens hameaux ou maisons, r\u00e9nov\u00e9s de mani\u00e8re durable dans le respect de l\u2019architecture de la vall\u00e9e. Souvent, ceux qui choisissent la Valle Maira le font aussi parce qu\u2019ils recherchent des vacances \u00e0 faible impact. Pour plus de commodit\u00e9, nos \u00e9tablissements sont \u00e9galement class\u00e9s en termes de durabilit\u00e9, avec une attribution de 1 \u00e0 3 feuilles.  <\/p>\n","protected":false},"excerpt":{"rendered":"<p>La Valle Maira a r\u00e9ussi \u00e0 se pr\u00e9server du b\u00e9ton et des pratiques qui nuisent \u00e0 la montagne, comme les&#8230;<\/p>\n","protected":false},"author":109,"featured_media":63829,"parent":0,"menu_order":0,"comment_status":"closed","ping_status":"closed","template":"page-sostenibilita.php","meta":{"footnotes":""},"class_list":["post-63828","page","type-page","status-publish","has-post-thumbnail","hentry"],"_links":{"self":[{"href":"https:\/\/www.vallemaira.org\/fr\/wp-json\/wp\/v2\/pages\/63828","targetHints":{"allow":["GET"]}}],"collection":[{"href":"https:\/\/www.vallemaira.org\/fr\/wp-json\/wp\/v2\/pages"}],"about":[{"href":"https:\/\/www.vallemaira.org\/fr\/wp-json\/wp\/v2\/types\/page"}],"author":[{"embeddable":true,"href":"https:\/\/www.vallemaira.org\/fr\/wp-json\/wp\/v2\/users\/109"}],"replies":[{"embeddable":true,"href":"https:\/\/www.vallemaira.org\/fr\/wp-json\/wp\/v2\/comments?post=63828"}],"version-history":[{"count":1,"href":"https:\/\/www.vallemaira.org\/fr\/wp-json\/wp\/v2\/pages\/63828\/revisions"}],"predecessor-version":[{"id":65664,"href":"https:\/\/www.vallemaira.org\/fr\/wp-json\/wp\/v2\/pages\/63828\/revisions\/65664"}],"wp:featuredmedia":[{"embeddable":true,"href":"https:\/\/www.vallemaira.org\/fr\/wp-json\/wp\/v2\/media\/63829"}],"wp:attachment":[{"href":"https:\/\/www.vallemaira.org\/fr\/wp-json\/wp\/v2\/media?parent=63828"}],"curies":[{"name":"wp","href":"https:\/\/api.w.org\/{rel}","templated":true}]}}