{"id":63824,"date":"2021-05-28T11:40:40","date_gmt":"2021-05-28T09:40:40","guid":{"rendered":"https:\/\/www.vallemaira.org\/come-raggiungere-la-valle\/"},"modified":"2026-02-23T17:34:16","modified_gmt":"2026-02-23T16:34:16","slug":"comment-rejoindre-la-vallee","status":"publish","type":"page","link":"https:\/\/www.vallemaira.org\/fr\/comment-rejoindre-la-vallee\/","title":{"rendered":"Comment rejoindre la vall\u00e9e"},"content":{"rendered":"<p>La vall\u00e9e Maira est situ\u00e9e dans le sud-ouest du Pi\u00e9mont, \u00e0 environ 20 km au nord-ouest de Coni. Les a\u00e9roports les plus proches sont Cuneo Levaldigi et Turin Caselle. Elle est facilement accessible aussi bien en voiture qu\u2019en transports en commun.  <\/p>\n","protected":false},"excerpt":{"rendered":"<p>La vall\u00e9e Maira est situ\u00e9e dans le sud-ouest du Pi\u00e9mont, \u00e0 environ 20 km au nord-ouest de Coni. Les a\u00e9roports&#8230;<\/p>\n","protected":false},"author":109,"featured_media":63826,"parent":0,"menu_order":0,"comment_status":"closed","ping_status":"closed","template":"page-come-raggiungere-la-valle.php","meta":{"footnotes":""},"class_list":["post-63824","page","type-page","status-publish","has-post-thumbnail","hentry"],"_links":{"self":[{"href":"https:\/\/www.vallemaira.org\/fr\/wp-json\/wp\/v2\/pages\/63824","targetHints":{"allow":["GET"]}}],"collection":[{"href":"https:\/\/www.vallemaira.org\/fr\/wp-json\/wp\/v2\/pages"}],"about":[{"href":"https:\/\/www.vallemaira.org\/fr\/wp-json\/wp\/v2\/types\/page"}],"author":[{"embeddable":true,"href":"https:\/\/www.vallemaira.org\/fr\/wp-json\/wp\/v2\/users\/109"}],"replies":[{"embeddable":true,"href":"https:\/\/www.vallemaira.org\/fr\/wp-json\/wp\/v2\/comments?post=63824"}],"version-history":[{"count":1,"href":"https:\/\/www.vallemaira.org\/fr\/wp-json\/wp\/v2\/pages\/63824\/revisions"}],"predecessor-version":[{"id":65657,"href":"https:\/\/www.vallemaira.org\/fr\/wp-json\/wp\/v2\/pages\/63824\/revisions\/65657"}],"wp:featuredmedia":[{"embeddable":true,"href":"https:\/\/www.vallemaira.org\/fr\/wp-json\/wp\/v2\/media\/63826"}],"wp:attachment":[{"href":"https:\/\/www.vallemaira.org\/fr\/wp-json\/wp\/v2\/media?parent=63824"}],"curies":[{"name":"wp","href":"https:\/\/api.w.org\/{rel}","templated":true}]}}