{"id":63809,"date":"2021-06-14T17:55:03","date_gmt":"2021-06-14T15:55:03","guid":{"rendered":"https:\/\/www.vallemaira.org\/noleggio-e-mtb\/"},"modified":"2026-02-23T17:26:49","modified_gmt":"2026-02-23T16:26:49","slug":"location-de-vtt-electriquenoleggio-e-mtb","status":"publish","type":"page","link":"https:\/\/www.vallemaira.org\/fr\/location-de-vtt-electriquenoleggio-e-mtb\/","title":{"rendered":"Location de VTT \u00e9lectrique"},"content":{"rendered":"<p>Le VTT \u00e9lectrique est le moyen id\u00e9al pour d\u00e9couvrir les coins pr\u00e9serv\u00e9s de la vall\u00e9e, m\u00eame pour les moins entra\u00een\u00e9s. Pour te permettre de le faire en toute s\u00e9curit\u00e9, nous avons s\u00e9lectionn\u00e9 des parcours faciles, s\u00fbrs et d&rsquo;une beaut\u00e9 incroyable. <\/p>\n<p>Loue ton VTT \u00e9lectrique chez nous : tu d\u00e9couvriras une fa\u00e7on diff\u00e9rente de commencer \u00e0 explorer la Valle Maira qui te mettra en contact avec une nature unique et te fera d\u00e9couvrir des villages riches en art et en culture.<\/p>\n<p><strong>Prix de location VTT \u00e9lectrique : 55 \u20ac\/jour<\/strong><\/p>\n<p>N.B. <strong>Uniquement au bureau de Dronero<\/strong>, 1 VTT musculaire taille Enfant (roues de 20&Prime;) et 1 remorque pour enfants sont disponibles :<br \/>\nVTT Enfant : 20 \u20ac\/jour<br \/>\nRemorque pour enfants : 20 \u20ac\/jour<\/p>\n<p><em>Des r\u00e9ductions sont pr\u00e9vues pour les familles et les groupes nombreux. Contacte-nous pour plus de d\u00e9tails. <\/em><\/p>\n","protected":false},"excerpt":{"rendered":"<p>Le VTT \u00e9lectrique est le moyen id\u00e9al pour d\u00e9couvrir les coins pr\u00e9serv\u00e9s de la vall\u00e9e, m\u00eame pour les moins entra\u00een\u00e9s&#8230;.<\/p>\n","protected":false},"author":109,"featured_media":63810,"parent":0,"menu_order":0,"comment_status":"closed","ping_status":"closed","template":"","meta":{"footnotes":""},"class_list":["post-63809","page","type-page","status-publish","has-post-thumbnail","hentry"],"_links":{"self":[{"href":"https:\/\/www.vallemaira.org\/fr\/wp-json\/wp\/v2\/pages\/63809","targetHints":{"allow":["GET"]}}],"collection":[{"href":"https:\/\/www.vallemaira.org\/fr\/wp-json\/wp\/v2\/pages"}],"about":[{"href":"https:\/\/www.vallemaira.org\/fr\/wp-json\/wp\/v2\/types\/page"}],"author":[{"embeddable":true,"href":"https:\/\/www.vallemaira.org\/fr\/wp-json\/wp\/v2\/users\/109"}],"replies":[{"embeddable":true,"href":"https:\/\/www.vallemaira.org\/fr\/wp-json\/wp\/v2\/comments?post=63809"}],"version-history":[{"count":1,"href":"https:\/\/www.vallemaira.org\/fr\/wp-json\/wp\/v2\/pages\/63809\/revisions"}],"predecessor-version":[{"id":65650,"href":"https:\/\/www.vallemaira.org\/fr\/wp-json\/wp\/v2\/pages\/63809\/revisions\/65650"}],"wp:featuredmedia":[{"embeddable":true,"href":"https:\/\/www.vallemaira.org\/fr\/wp-json\/wp\/v2\/media\/63810"}],"wp:attachment":[{"href":"https:\/\/www.vallemaira.org\/fr\/wp-json\/wp\/v2\/media?parent=63809"}],"curies":[{"name":"wp","href":"https:\/\/api.w.org\/{rel}","templated":true}]}}