{"id":63790,"date":"2022-12-05T15:46:33","date_gmt":"2022-12-05T14:46:33","guid":{"rendered":"https:\/\/www.vallemaira.org\/esperienze-occitane\/"},"modified":"2026-02-23T17:24:34","modified_gmt":"2026-02-23T16:24:34","slug":"experiences-occitanes","status":"publish","type":"page","link":"https:\/\/www.vallemaira.org\/fr\/experiences-occitanes\/","title":{"rendered":"Exp\u00e9riences occitanes"},"content":{"rendered":"<p><span style=\"font-weight: 400;\">Les Exp\u00e9riences Occitanes sont une proposition d\u00e9di\u00e9e aux amoureux de la montagne qui souhaitent la fr\u00e9quenter de mani\u00e8re consciente et dans le respect des lieux travers\u00e9s. Le projet pr\u00e9voit de raconter le territoire de la Valle Maira \u2013 l\u2019un des coins les plus suggestifs et pr\u00e9serv\u00e9s des Alpes \u2013 \u00e0 travers les exp\u00e9riences de personnes ordinaires, qui ont choisi de la parcourir et de la d\u00e9couvrir en marchant, en skiant ou en grimpant. En d\u00e9couvrant un monde qui a su r\u00e9sister au tourisme de masse tout en pr\u00e9servant son environnement et ses traditions culturelles.  <\/span><\/p>\n","protected":false},"excerpt":{"rendered":"<p>Les Exp\u00e9riences Occitanes sont une proposition d\u00e9di\u00e9e aux amoureux de la montagne qui souhaitent la fr\u00e9quenter de mani\u00e8re consciente et&#8230;<\/p>\n","protected":false},"author":109,"featured_media":63804,"parent":0,"menu_order":0,"comment_status":"closed","ping_status":"closed","template":"page-esperienze-occitane.php","meta":{"footnotes":""},"class_list":["post-63790","page","type-page","status-publish","has-post-thumbnail","hentry"],"_links":{"self":[{"href":"https:\/\/www.vallemaira.org\/fr\/wp-json\/wp\/v2\/pages\/63790","targetHints":{"allow":["GET"]}}],"collection":[{"href":"https:\/\/www.vallemaira.org\/fr\/wp-json\/wp\/v2\/pages"}],"about":[{"href":"https:\/\/www.vallemaira.org\/fr\/wp-json\/wp\/v2\/types\/page"}],"author":[{"embeddable":true,"href":"https:\/\/www.vallemaira.org\/fr\/wp-json\/wp\/v2\/users\/109"}],"replies":[{"embeddable":true,"href":"https:\/\/www.vallemaira.org\/fr\/wp-json\/wp\/v2\/comments?post=63790"}],"version-history":[{"count":1,"href":"https:\/\/www.vallemaira.org\/fr\/wp-json\/wp\/v2\/pages\/63790\/revisions"}],"predecessor-version":[{"id":65649,"href":"https:\/\/www.vallemaira.org\/fr\/wp-json\/wp\/v2\/pages\/63790\/revisions\/65649"}],"wp:featuredmedia":[{"embeddable":true,"href":"https:\/\/www.vallemaira.org\/fr\/wp-json\/wp\/v2\/media\/63804"}],"wp:attachment":[{"href":"https:\/\/www.vallemaira.org\/fr\/wp-json\/wp\/v2\/media?parent=63790"}],"curies":[{"name":"wp","href":"https:\/\/api.w.org\/{rel}","templated":true}]}}