{"id":63773,"date":"2023-06-23T10:00:14","date_gmt":"2023-06-23T08:00:14","guid":{"rendered":"https:\/\/www.vallemaira.org\/trekking\/"},"modified":"2023-06-23T10:00:14","modified_gmt":"2023-06-23T08:00:14","slug":"trekking","status":"publish","type":"page","link":"https:\/\/www.vallemaira.org\/fr\/trekking\/","title":{"rendered":"Guide des itin\u00e9raires de randonn\u00e9e dans la Vall\u00e9e Maira"},"content":{"rendered":"<p>Itin\u00e9raires de randonn\u00e9e dans la Vall\u00e9e Maira pour tous les niveaux, avec description, photos et possibilit\u00e9 de t\u00e9l\u00e9charger la trace GPS.<\/p>\n","protected":false},"excerpt":{"rendered":"<p>Itin\u00e9raires de randonn\u00e9e dans la Vall\u00e9e Maira pour tous les niveaux, avec description, photos et possibilit\u00e9 de t\u00e9l\u00e9charger la trace&#8230;<\/p>\n","protected":false},"author":109,"featured_media":63781,"parent":0,"menu_order":0,"comment_status":"closed","ping_status":"closed","template":"page-trekking.php","meta":{"footnotes":""},"class_list":["post-63773","page","type-page","status-publish","has-post-thumbnail","hentry"],"_links":{"self":[{"href":"https:\/\/www.vallemaira.org\/fr\/wp-json\/wp\/v2\/pages\/63773","targetHints":{"allow":["GET"]}}],"collection":[{"href":"https:\/\/www.vallemaira.org\/fr\/wp-json\/wp\/v2\/pages"}],"about":[{"href":"https:\/\/www.vallemaira.org\/fr\/wp-json\/wp\/v2\/types\/page"}],"author":[{"embeddable":true,"href":"https:\/\/www.vallemaira.org\/fr\/wp-json\/wp\/v2\/users\/109"}],"replies":[{"embeddable":true,"href":"https:\/\/www.vallemaira.org\/fr\/wp-json\/wp\/v2\/comments?post=63773"}],"version-history":[{"count":0,"href":"https:\/\/www.vallemaira.org\/fr\/wp-json\/wp\/v2\/pages\/63773\/revisions"}],"wp:featuredmedia":[{"embeddable":true,"href":"https:\/\/www.vallemaira.org\/fr\/wp-json\/wp\/v2\/media\/63781"}],"wp:attachment":[{"href":"https:\/\/www.vallemaira.org\/fr\/wp-json\/wp\/v2\/media?parent=63773"}],"curies":[{"name":"wp","href":"https:\/\/api.w.org\/{rel}","templated":true}]}}