{"id":61794,"date":"2023-11-17T09:45:43","date_gmt":"2023-11-17T08:45:43","guid":{"rendered":"https:\/\/www.vallemaira.org\/scialpinismo-2\/"},"modified":"2026-02-23T16:19:02","modified_gmt":"2026-02-23T15:19:02","slug":"ski-de-randonnee","status":"publish","type":"page","link":"https:\/\/www.vallemaira.org\/fr\/ski-de-randonnee\/","title":{"rendered":"Es-tu pr\u00eat pour une exp\u00e9rience de ski de randonn\u00e9e authentique ?"},"content":{"rendered":"<p>Faire sa trace dans la neige fra\u00eeche, explorer des vallons et des sommets pr\u00e9serv\u00e9s du tourisme de masse et de l\u2019industrie du ski, imprimer ses propres courbes sur des pentes immacul\u00e9es pour ensuite se d\u00e9tendre dans des auberges et des structures familiales qui conservent toute la chaleur de l\u2019accueil occitan. C\u2019est notre vision du ski de randonn\u00e9e, bien racont\u00e9e dans notre film <a href=\"#watchDocumentaryVideo\">\u00ab Charamaio mai en Val Mairo &#8211; Il neige encore en Valle Maira \u00bb<\/a>.<\/p>\n<p>Si toi aussi tu recherches ce type d\u2019exp\u00e9rience, viens nous voir. Nous avons s\u00e9lectionn\u00e9 pour toi les meilleurs itin\u00e9raires, de diff\u00e9rents types et avec diff\u00e9rents niveaux de difficult\u00e9.<\/p>\n","protected":false},"excerpt":{"rendered":"<p>Faire sa trace dans la neige fra\u00eeche, explorer des vallons et des sommets pr\u00e9serv\u00e9s du tourisme de masse et de&#8230;<\/p>\n","protected":false},"author":109,"featured_media":61795,"parent":0,"menu_order":0,"comment_status":"closed","ping_status":"closed","template":"page-scialpinismo.php","meta":{"footnotes":""},"class_list":["post-61794","page","type-page","status-publish","has-post-thumbnail","hentry"],"_links":{"self":[{"href":"https:\/\/www.vallemaira.org\/fr\/wp-json\/wp\/v2\/pages\/61794","targetHints":{"allow":["GET"]}}],"collection":[{"href":"https:\/\/www.vallemaira.org\/fr\/wp-json\/wp\/v2\/pages"}],"about":[{"href":"https:\/\/www.vallemaira.org\/fr\/wp-json\/wp\/v2\/types\/page"}],"author":[{"embeddable":true,"href":"https:\/\/www.vallemaira.org\/fr\/wp-json\/wp\/v2\/users\/109"}],"replies":[{"embeddable":true,"href":"https:\/\/www.vallemaira.org\/fr\/wp-json\/wp\/v2\/comments?post=61794"}],"version-history":[{"count":1,"href":"https:\/\/www.vallemaira.org\/fr\/wp-json\/wp\/v2\/pages\/61794\/revisions"}],"predecessor-version":[{"id":65547,"href":"https:\/\/www.vallemaira.org\/fr\/wp-json\/wp\/v2\/pages\/61794\/revisions\/65547"}],"wp:featuredmedia":[{"embeddable":true,"href":"https:\/\/www.vallemaira.org\/fr\/wp-json\/wp\/v2\/media\/61795"}],"wp:attachment":[{"href":"https:\/\/www.vallemaira.org\/fr\/wp-json\/wp\/v2\/media?parent=61794"}],"curies":[{"name":"wp","href":"https:\/\/api.w.org\/{rel}","templated":true}]}}