{"id":61784,"date":"2025-07-22T12:47:37","date_gmt":"2025-07-22T10:47:37","guid":{"rendered":"https:\/\/www.vallemaira.org\/valle-maira-store-2\/"},"modified":"2026-02-23T17:19:40","modified_gmt":"2026-02-23T16:19:40","slug":"boutique-valle-maira","status":"publish","type":"page","link":"https:\/\/www.vallemaira.org\/fr\/boutique-valle-maira\/","title":{"rendered":"Boutique Valle Maira"},"content":{"rendered":"<p>D\u00e9couvre la Valle Maira \u00e0 travers des guides, des livres et des cartes con\u00e7us pour t\u2019accompagner dans chaque aventure. Trouve l\u2019inspiration parmi des r\u00e9cits, des cartes d\u00e9taill\u00e9es et des itin\u00e9raires adapt\u00e9s \u00e0 chaque type de voyageur.<br \/>\nDans nos points d\u2019information, tu trouveras aussi des gadgets, des v\u00eatements durables et pourras louer un e-bike pour explorer la vall\u00e9e de mani\u00e8re confortable et respectueuse de la nature.<br \/>\nTout ce dont tu as besoin pour vivre une exp\u00e9rience authentique, en toute saison.<\/p>\n","protected":false},"excerpt":{"rendered":"<p>D\u00e9couvre la Valle Maira \u00e0 travers des guides, des livres et des cartes con\u00e7us pour t\u2019accompagner dans chaque aventure. Trouve&#8230;<\/p>\n","protected":false},"author":100,"featured_media":61787,"parent":0,"menu_order":0,"comment_status":"closed","ping_status":"closed","template":"page-vetrina.php","meta":{"footnotes":""},"class_list":["post-61784","page","type-page","status-publish","has-post-thumbnail","hentry"],"_links":{"self":[{"href":"https:\/\/www.vallemaira.org\/fr\/wp-json\/wp\/v2\/pages\/61784","targetHints":{"allow":["GET"]}}],"collection":[{"href":"https:\/\/www.vallemaira.org\/fr\/wp-json\/wp\/v2\/pages"}],"about":[{"href":"https:\/\/www.vallemaira.org\/fr\/wp-json\/wp\/v2\/types\/page"}],"author":[{"embeddable":true,"href":"https:\/\/www.vallemaira.org\/fr\/wp-json\/wp\/v2\/users\/100"}],"replies":[{"embeddable":true,"href":"https:\/\/www.vallemaira.org\/fr\/wp-json\/wp\/v2\/comments?post=61784"}],"version-history":[{"count":1,"href":"https:\/\/www.vallemaira.org\/fr\/wp-json\/wp\/v2\/pages\/61784\/revisions"}],"predecessor-version":[{"id":65642,"href":"https:\/\/www.vallemaira.org\/fr\/wp-json\/wp\/v2\/pages\/61784\/revisions\/65642"}],"wp:featuredmedia":[{"embeddable":true,"href":"https:\/\/www.vallemaira.org\/fr\/wp-json\/wp\/v2\/media\/61787"}],"wp:attachment":[{"href":"https:\/\/www.vallemaira.org\/fr\/wp-json\/wp\/v2\/media?parent=61784"}],"curies":[{"name":"wp","href":"https:\/\/api.w.org\/{rel}","templated":true}]}}