{"id":34517,"date":"2023-11-17T09:45:43","date_gmt":"2023-11-17T08:45:43","guid":{"rendered":"https:\/\/www.vallemaira.org\/skibergsteigen\/"},"modified":"2023-11-17T09:45:43","modified_gmt":"2023-11-17T08:45:43","slug":"skibergsteigen","status":"publish","type":"page","link":"https:\/\/www.vallemaira.org\/de\/skibergsteigen\/","title":{"rendered":"Bereit f\u00fcr eine authentische Tourenski-Erfahrung?"},"content":{"rendered":"<p>Spuren in den frischen Schnee ziehen, Talsenken und Gipfel erkunden, die frei von Massentourismus und von der Ski-Industrie sind, eigene Schw\u00fcnge auf unber\u00fchrte H\u00e4nge zeichnen, um sich anschlie\u00dfend in famili\u00e4ren Gasth\u00e4usern und Einrichtungen zu entspannen, die sich die ganze Warmherzigkeit okzitanischer Gastfreundschaft bewahrt haben. Das ist unsere Vorstellung von Tourenski, anschaulich erz\u00e4hlt in dem Film <a href=\"#watchDocumentaryVideo\">\u201cCharamaio mai en Val Mairo &#8211; Nevica ancora in Valle Maira\u201d<\/a>.<\/p>\n<p>Wenn auch Sie diese Art von Erfahrung suchen, dann kommen Sie zu uns. Wir haben die besten Touren f\u00fcr Sie ausgew\u00e4hlt, mit unterschiedlichem Charakter und in verschiedenen Schwierigkeitsstufen.<\/p>\n","protected":false},"excerpt":{"rendered":"<p>Spuren in den frischen Schnee ziehen, Talsenken und Gipfel erkunden, die frei von Massentourismus und von der Ski-Industrie sind, eigene&#8230;<\/p>\n","protected":false},"author":109,"featured_media":34518,"parent":0,"menu_order":0,"comment_status":"closed","ping_status":"closed","template":"page-scialpinismo.php","meta":{"footnotes":""},"class_list":["post-34517","page","type-page","status-publish","has-post-thumbnail","hentry"],"_links":{"self":[{"href":"https:\/\/www.vallemaira.org\/de\/wp-json\/wp\/v2\/pages\/34517","targetHints":{"allow":["GET"]}}],"collection":[{"href":"https:\/\/www.vallemaira.org\/de\/wp-json\/wp\/v2\/pages"}],"about":[{"href":"https:\/\/www.vallemaira.org\/de\/wp-json\/wp\/v2\/types\/page"}],"author":[{"embeddable":true,"href":"https:\/\/www.vallemaira.org\/de\/wp-json\/wp\/v2\/users\/109"}],"replies":[{"embeddable":true,"href":"https:\/\/www.vallemaira.org\/de\/wp-json\/wp\/v2\/comments?post=34517"}],"version-history":[{"count":0,"href":"https:\/\/www.vallemaira.org\/de\/wp-json\/wp\/v2\/pages\/34517\/revisions"}],"wp:featuredmedia":[{"embeddable":true,"href":"https:\/\/www.vallemaira.org\/de\/wp-json\/wp\/v2\/media\/34518"}],"wp:attachment":[{"href":"https:\/\/www.vallemaira.org\/de\/wp-json\/wp\/v2\/media?parent=34517"}],"curies":[{"name":"wp","href":"https:\/\/api.w.org\/{rel}","templated":true}]}}